{"id":605,"date":"2018-02-13T14:01:20","date_gmt":"2018-02-13T13:01:20","guid":{"rendered":"http:\/\/coatsigy.eliott-markus.digital\/credits\/"},"modified":"2020-01-14T14:16:31","modified_gmt":"2020-01-14T13:16:31","slug":"credits","status":"publish","type":"page","link":"https:\/\/coatsigy.com\/en\/credits\/","title":{"rendered":"Credits"},"content":{"rendered":"<h4>Website designed and developed by:<\/h4>\n<p>Eliott &amp; Markus<br \/>\nwww.eliott-markus.com<\/p>\n<h4>Graphic design and logo:<\/h4>\n<p>S\u00e9verine Tanguy<br \/>\nwww.severine-graphiste.fr<\/p>\n<h4>Translation:<\/h4>\n<p>Richard Lackey<br \/>\nwww.contractually-speaking.co.uk<\/p>\n<h4>Portraits:<\/h4>\n<p>Val\u00e9rie Archeno<br \/>\nwww.valerie-archeno.com<\/p>\n","protected":false},"excerpt":{"rendered":"<p>Website designed and developed by: Eliott &amp; Markus www.eliott-markus.com Graphic design and logo: S\u00e9verine Tanguy www.severine-graphiste.fr Translation: Richard Lackey www.contractually-speaking.co.uk Portraits: Val\u00e9rie Archeno www.valerie-archeno.com<\/p>\n","protected":false},"author":1,"featured_media":0,"parent":0,"menu_order":0,"comment_status":"closed","ping_status":"closed","template":"pages\/credits.php","meta":{"_acf_changed":false,"_monsterinsights_skip_tracking":false,"_monsterinsights_sitenote_active":false,"_monsterinsights_sitenote_note":"","_monsterinsights_sitenote_category":0,"footnotes":""},"class_list":["post-605","page","type-page","status-publish","hentry"],"acf":[],"yoast_head":"<!-- This site is optimized with the Yoast SEO plugin v27.1.1 - https:\/\/yoast.com\/product\/yoast-seo-wordpress\/ -->\n<title>Credits of the website designed by Eliott &amp; Markus - Coat Haut de Sigy de Roux Avocats<\/title>\n<meta name=\"description\" content=\"Website designed and developed by : Eliott &amp; Markus www.eliott-markus.com Graphic design and logo : S\u00e9verine Tanguy www.severine-graphiste.fr\" \/>\n<meta name=\"robots\" content=\"index, follow, max-snippet:-1, max-image-preview:large, max-video-preview:-1\" \/>\n<link rel=\"canonical\" href=\"https:\/\/coatsigy.com\/en\/credits\/\" \/>\n<meta property=\"og:locale\" content=\"en_US\" \/>\n<meta property=\"og:type\" content=\"article\" \/>\n<meta property=\"og:title\" content=\"Credits of the website designed by Eliott &amp; Markus - Coat Haut de Sigy de Roux Avocats\" \/>\n<meta property=\"og:description\" content=\"Website designed and developed by : Eliott &amp; Markus www.eliott-markus.com Graphic design and logo : S\u00e9verine Tanguy www.severine-graphiste.fr\" \/>\n<meta property=\"og:url\" content=\"https:\/\/coatsigy.com\/en\/credits\/\" \/>\n<meta property=\"og:site_name\" content=\"Coat Haut de Sigy de Roux\" \/>\n<meta property=\"article:modified_time\" content=\"2020-01-14T13:16:31+00:00\" \/>\n<meta name=\"twitter:card\" content=\"summary_large_image\" \/>\n<script type=\"application\/ld+json\" class=\"yoast-schema-graph\">{\"@context\":\"https:\/\/schema.org\",\"@graph\":[{\"@type\":\"WebPage\",\"@id\":\"https:\/\/coatsigy.com\/en\/credits\/\",\"url\":\"https:\/\/coatsigy.com\/en\/credits\/\",\"name\":\"Credits of the website designed by Eliott & Markus - Coat Haut de Sigy de Roux Avocats\",\"isPartOf\":{\"@id\":\"https:\/\/coatsigy.com\/#website\"},\"datePublished\":\"2018-02-13T13:01:20+00:00\",\"dateModified\":\"2020-01-14T13:16:31+00:00\",\"description\":\"Website designed and developed by : Eliott & Markus www.eliott-markus.com Graphic design and logo : S\u00e9verine Tanguy www.severine-graphiste.fr\",\"breadcrumb\":{\"@id\":\"https:\/\/coatsigy.com\/en\/credits\/#breadcrumb\"},\"inLanguage\":\"en-US\",\"potentialAction\":[{\"@type\":\"ReadAction\",\"target\":[\"https:\/\/coatsigy.com\/en\/credits\/\"]}]},{\"@type\":\"BreadcrumbList\",\"@id\":\"https:\/\/coatsigy.com\/en\/credits\/#breadcrumb\",\"itemListElement\":[{\"@type\":\"ListItem\",\"position\":1,\"name\":\"Accueil\",\"item\":\"https:\/\/coatsigy.com\/en\/\"},{\"@type\":\"ListItem\",\"position\":2,\"name\":\"Credits\"}]},{\"@type\":\"WebSite\",\"@id\":\"https:\/\/coatsigy.com\/#website\",\"url\":\"https:\/\/coatsigy.com\/\",\"name\":\"Coat Haut de Sigy de Roux\",\"description\":\"Cabinet d\u2019avocats fran\u00e7ais ind\u00e9pendant, Coat Haut de Sigy de Roux intervient en Droit p\u00e9nal des affaires, Droit de la presse et des m\u00e9dias, Contentieux r\u00e9glementaire, Conformit\u00e9, Contentieux civil et commercial, Enqu\u00eates internes pour des structures nationales et internationales.\",\"potentialAction\":[{\"@type\":\"SearchAction\",\"target\":{\"@type\":\"EntryPoint\",\"urlTemplate\":\"https:\/\/coatsigy.com\/?s={search_term_string}\"},\"query-input\":{\"@type\":\"PropertyValueSpecification\",\"valueRequired\":true,\"valueName\":\"search_term_string\"}}],\"inLanguage\":\"en-US\"}]}<\/script>\n<!-- \/ Yoast SEO plugin. -->","yoast_head_json":{"title":"Credits of the website designed by Eliott & Markus - Coat Haut de Sigy de Roux Avocats","description":"Website designed and developed by : Eliott & Markus www.eliott-markus.com Graphic design and logo : S\u00e9verine Tanguy www.severine-graphiste.fr","robots":{"index":"index","follow":"follow","max-snippet":"max-snippet:-1","max-image-preview":"max-image-preview:large","max-video-preview":"max-video-preview:-1"},"canonical":"https:\/\/coatsigy.com\/en\/credits\/","og_locale":"en_US","og_type":"article","og_title":"Credits of the website designed by Eliott & Markus - Coat Haut de Sigy de Roux Avocats","og_description":"Website designed and developed by : Eliott & Markus www.eliott-markus.com Graphic design and logo : S\u00e9verine Tanguy www.severine-graphiste.fr","og_url":"https:\/\/coatsigy.com\/en\/credits\/","og_site_name":"Coat Haut de Sigy de Roux","article_modified_time":"2020-01-14T13:16:31+00:00","twitter_card":"summary_large_image","schema":{"@context":"https:\/\/schema.org","@graph":[{"@type":"WebPage","@id":"https:\/\/coatsigy.com\/en\/credits\/","url":"https:\/\/coatsigy.com\/en\/credits\/","name":"Credits of the website designed by Eliott & Markus - Coat Haut de Sigy de Roux Avocats","isPartOf":{"@id":"https:\/\/coatsigy.com\/#website"},"datePublished":"2018-02-13T13:01:20+00:00","dateModified":"2020-01-14T13:16:31+00:00","description":"Website designed and developed by : Eliott & Markus www.eliott-markus.com Graphic design and logo : S\u00e9verine Tanguy www.severine-graphiste.fr","breadcrumb":{"@id":"https:\/\/coatsigy.com\/en\/credits\/#breadcrumb"},"inLanguage":"en-US","potentialAction":[{"@type":"ReadAction","target":["https:\/\/coatsigy.com\/en\/credits\/"]}]},{"@type":"BreadcrumbList","@id":"https:\/\/coatsigy.com\/en\/credits\/#breadcrumb","itemListElement":[{"@type":"ListItem","position":1,"name":"Accueil","item":"https:\/\/coatsigy.com\/en\/"},{"@type":"ListItem","position":2,"name":"Credits"}]},{"@type":"WebSite","@id":"https:\/\/coatsigy.com\/#website","url":"https:\/\/coatsigy.com\/","name":"Coat Haut de Sigy de Roux","description":"Cabinet d\u2019avocats fran\u00e7ais ind\u00e9pendant, Coat Haut de Sigy de Roux intervient en Droit p\u00e9nal des affaires, Droit de la presse et des m\u00e9dias, Contentieux r\u00e9glementaire, Conformit\u00e9, Contentieux civil et commercial, Enqu\u00eates internes pour des structures nationales et internationales.","potentialAction":[{"@type":"SearchAction","target":{"@type":"EntryPoint","urlTemplate":"https:\/\/coatsigy.com\/?s={search_term_string}"},"query-input":{"@type":"PropertyValueSpecification","valueRequired":true,"valueName":"search_term_string"}}],"inLanguage":"en-US"}]}},"_links":{"self":[{"href":"https:\/\/coatsigy.com\/en\/wp-json\/wp\/v2\/pages\/605","targetHints":{"allow":["GET"]}}],"collection":[{"href":"https:\/\/coatsigy.com\/en\/wp-json\/wp\/v2\/pages"}],"about":[{"href":"https:\/\/coatsigy.com\/en\/wp-json\/wp\/v2\/types\/page"}],"author":[{"embeddable":true,"href":"https:\/\/coatsigy.com\/en\/wp-json\/wp\/v2\/users\/1"}],"replies":[{"embeddable":true,"href":"https:\/\/coatsigy.com\/en\/wp-json\/wp\/v2\/comments?post=605"}],"version-history":[{"count":3,"href":"https:\/\/coatsigy.com\/en\/wp-json\/wp\/v2\/pages\/605\/revisions"}],"predecessor-version":[{"id":777,"href":"https:\/\/coatsigy.com\/en\/wp-json\/wp\/v2\/pages\/605\/revisions\/777"}],"wp:attachment":[{"href":"https:\/\/coatsigy.com\/en\/wp-json\/wp\/v2\/media?parent=605"}],"curies":[{"name":"wp","href":"https:\/\/api.w.org\/{rel}","templated":true}]}}