{"id":603,"date":"2018-02-06T09:53:15","date_gmt":"2018-02-06T08:53:15","guid":{"rendered":"http:\/\/coatsigy.eliott-markus.digital\/mentions-legales\/"},"modified":"2024-05-23T15:30:45","modified_gmt":"2024-05-23T13:30:45","slug":"disclaimer","status":"publish","type":"page","link":"https:\/\/coatsigy.com\/en\/disclaimer\/","title":{"rendered":"Disclaimer"},"content":{"rendered":"<h3>Publications<\/h3>\n<p>The www.coatsigy.com website (\u201cSite\u201d) is published by Coat Haut de Sigy de Roux, an association d\u2019avocats \u00e0 responsabilit\u00e9 professionnelle individuelle (AARPI), registered at:<\/p>\n<p>16 avenue de Friedland, 75008 Paris<br \/>\nT\u00e9l\u00e9phone : 01 84 25 22 70 &#8211; Fax : 01 84 25 22 71<br \/>\nAdresse \u00e9lectronique : cabinet@coatsigy.com<br \/>\nN\u00b0 de TVA intracommunautaire : FR85832119051<\/p>\n<p>This website was written by: Julian Christen Coat and Claire de Haut de Sigy.<\/p>\n<h3>Web host<\/h3>\n<p>OVH SAS<br \/>\n2, rue Kellermann, 59100 Roubaix<br \/>\nwww.ovh.com<br \/>\n09 72 10 10 07<\/p>\n<h3>Protection of personal data<\/h3>\n<p>In accordance with the French Data Protection Act of 6 January 1978, Coat Haut de Sigy de Roux informs you of how personal data is processed.<br \/>\nCoat Haut de Sigy de Roux shall respect the confidentiality of personal data provided.<\/p>\n<p>You have the right to access, modify and erase your personal data by sending a request (with proof of identity) to: cabinet@coatsigy.com.<\/p>\n<h3>Collection of personal data<\/h3>\n<p>Personal data disclosed through forms available on the Site or by email to the addresses listed herein, and IP addresses that relate to your Internet connection, are the only personal data likely to be collected through the Site and processed by Coat Haut de Sigy de Roux (\u201cData\u201d).<\/p>\n<h3>Recipient of personal data<\/h3>\n<p>Data is sent to authorized employees at Coat Haut de Sigy de Roux for essentially administrative purposes and is not assigned, sold or donated to third parties.<\/p>\n<h3>Personal data on members of Coat Haut de Sigy de Roux<\/h3>\n<p>Data relating to Coat Haut de Sigy de Roux members that is made accessible on the Site cannot be collected and processed without prior express agreement of the person involved.<\/p>\n<h3>Contact form<\/h3>\n<p>Data collected from people through the contact form will only be disclosed to Coat Haut de Sigy de Roux employees. In any case, in accordance with the French Data Protection Act we inform you that your responses are optional and that failure to respond will not lead to any specific consequence. Nevertheless, your responses must be sufficient for us to process the data.<\/p>\n<p>By emailing Coat Haut de Sigy de Roux at cabinet@coatsigy.com or by accessing and\/or using the Site, each person declares and guarantees that they are aware of the disclaimer, data protection laws and conditions of use and that they accept the terms and conditions without modification, reserve or restriction.<\/p>\n<h3>Intellectual property<\/h3>\n<p>The Site and each of its elements, in particular the texts, articles, newsletters, notices, images, photographs, latest news, brochures and presentations are the exclusive property of Coat Haut de Sigy de Roux or third parties who have granted a license to Coat Haut de Sigy de Roux.<\/p>\n<p>Any reproduction, representation, modification, translation or adaptation in full or in part of the Site or one of its elements without prior express agreement from Coat Haut de Sigy de Roux is prohibited and would constitute counterfeit sanctioned by articles L335-2 et seq of the Intellectual Property Code.<\/p>\n<p>Nonetheless, Coat Haut de Sigy de Roux authorizes Site users to download the newsletters or other documents specifically made available for download. Copies of these brochures may be kept strictly for personal usage.<\/p>\n","protected":false},"excerpt":{"rendered":"<p>Publications The www.coatsigy.com website (\u201cSite\u201d) is published by Coat Haut de Sigy de Roux, an association d\u2019avocats \u00e0 responsabilit\u00e9 professionnelle individuelle (AARPI), registered at: 16 avenue de Friedland, 75008 Paris T\u00e9l\u00e9phone : 01 84 25 22 70 &#8211; Fax : 01 84 25 22 71 Adresse \u00e9lectronique : cabinet@coatsigy.com N\u00b0 de TVA intracommunautaire : FR85832119051 [&hellip;]<\/p>\n","protected":false},"author":1,"featured_media":0,"parent":0,"menu_order":0,"comment_status":"closed","ping_status":"closed","template":"pages\/mention.php","meta":{"_acf_changed":false,"_monsterinsights_skip_tracking":false,"_monsterinsights_sitenote_active":false,"_monsterinsights_sitenote_note":"","_monsterinsights_sitenote_category":0,"footnotes":""},"class_list":["post-603","page","type-page","status-publish","hentry"],"acf":[],"yoast_head":"<!-- This site is optimized with the Yoast SEO plugin v27.1.1 - https:\/\/yoast.com\/product\/yoast-seo-wordpress\/ -->\n<title>Disclaimer, legal notice - Coat Haut de Sigy de Roux Avocats<\/title>\n<meta name=\"description\" content=\"The www.coatsigy.com website (\u201cSite\u201d) is published by Coat Haut de Sigy de Roux, an association d\u2019avocats \u00e0 responsabilit\u00e9 professionnelle individuelle (AARPI), registered at : 3, rue du Faubourg Saint-Honor\u00e9 \u2013 75008 Paris\" \/>\n<meta name=\"robots\" content=\"index, follow, max-snippet:-1, max-image-preview:large, max-video-preview:-1\" \/>\n<link rel=\"canonical\" href=\"https:\/\/coatsigy.com\/en\/disclaimer\/\" \/>\n<meta property=\"og:locale\" content=\"en_US\" \/>\n<meta property=\"og:type\" content=\"article\" \/>\n<meta property=\"og:title\" content=\"Disclaimer, legal notice - Coat Haut de Sigy de Roux Avocats\" \/>\n<meta property=\"og:description\" content=\"The www.coatsigy.com website (\u201cSite\u201d) is published by Coat Haut de Sigy de Roux, an association d\u2019avocats \u00e0 responsabilit\u00e9 professionnelle individuelle (AARPI), registered at : 3, rue du Faubourg Saint-Honor\u00e9 \u2013 75008 Paris\" \/>\n<meta property=\"og:url\" content=\"https:\/\/coatsigy.com\/en\/disclaimer\/\" \/>\n<meta property=\"og:site_name\" content=\"Coat Haut de Sigy de Roux\" \/>\n<meta property=\"article:modified_time\" content=\"2024-05-23T13:30:45+00:00\" \/>\n<meta name=\"twitter:card\" content=\"summary_large_image\" \/>\n<meta name=\"twitter:label1\" content=\"Est. reading time\" \/>\n\t<meta name=\"twitter:data1\" content=\"3 minutes\" \/>\n<script type=\"application\/ld+json\" class=\"yoast-schema-graph\">{\"@context\":\"https:\/\/schema.org\",\"@graph\":[{\"@type\":\"WebPage\",\"@id\":\"https:\/\/coatsigy.com\/en\/disclaimer\/\",\"url\":\"https:\/\/coatsigy.com\/en\/disclaimer\/\",\"name\":\"Disclaimer, legal notice - Coat Haut de Sigy de Roux Avocats\",\"isPartOf\":{\"@id\":\"https:\/\/coatsigy.com\/#website\"},\"datePublished\":\"2018-02-06T08:53:15+00:00\",\"dateModified\":\"2024-05-23T13:30:45+00:00\",\"description\":\"The www.coatsigy.com website (\u201cSite\u201d) is published by Coat Haut de Sigy de Roux, an association d\u2019avocats \u00e0 responsabilit\u00e9 professionnelle individuelle (AARPI), registered at : 3, rue du Faubourg Saint-Honor\u00e9 \u2013 75008 Paris\",\"breadcrumb\":{\"@id\":\"https:\/\/coatsigy.com\/en\/disclaimer\/#breadcrumb\"},\"inLanguage\":\"en-US\",\"potentialAction\":[{\"@type\":\"ReadAction\",\"target\":[\"https:\/\/coatsigy.com\/en\/disclaimer\/\"]}]},{\"@type\":\"BreadcrumbList\",\"@id\":\"https:\/\/coatsigy.com\/en\/disclaimer\/#breadcrumb\",\"itemListElement\":[{\"@type\":\"ListItem\",\"position\":1,\"name\":\"Accueil\",\"item\":\"https:\/\/coatsigy.com\/en\/\"},{\"@type\":\"ListItem\",\"position\":2,\"name\":\"Disclaimer\"}]},{\"@type\":\"WebSite\",\"@id\":\"https:\/\/coatsigy.com\/#website\",\"url\":\"https:\/\/coatsigy.com\/\",\"name\":\"Coat Haut de Sigy de Roux\",\"description\":\"Cabinet d\u2019avocats fran\u00e7ais ind\u00e9pendant, Coat Haut de Sigy de Roux intervient en Droit p\u00e9nal des affaires, Droit de la presse et des m\u00e9dias, Contentieux r\u00e9glementaire, Conformit\u00e9, Contentieux civil et commercial, Enqu\u00eates internes pour des structures nationales et internationales.\",\"potentialAction\":[{\"@type\":\"SearchAction\",\"target\":{\"@type\":\"EntryPoint\",\"urlTemplate\":\"https:\/\/coatsigy.com\/?s={search_term_string}\"},\"query-input\":{\"@type\":\"PropertyValueSpecification\",\"valueRequired\":true,\"valueName\":\"search_term_string\"}}],\"inLanguage\":\"en-US\"}]}<\/script>\n<!-- \/ Yoast SEO plugin. -->","yoast_head_json":{"title":"Disclaimer, legal notice - Coat Haut de Sigy de Roux Avocats","description":"The www.coatsigy.com website (\u201cSite\u201d) is published by Coat Haut de Sigy de Roux, an association d\u2019avocats \u00e0 responsabilit\u00e9 professionnelle individuelle (AARPI), registered at : 3, rue du Faubourg Saint-Honor\u00e9 \u2013 75008 Paris","robots":{"index":"index","follow":"follow","max-snippet":"max-snippet:-1","max-image-preview":"max-image-preview:large","max-video-preview":"max-video-preview:-1"},"canonical":"https:\/\/coatsigy.com\/en\/disclaimer\/","og_locale":"en_US","og_type":"article","og_title":"Disclaimer, legal notice - Coat Haut de Sigy de Roux Avocats","og_description":"The www.coatsigy.com website (\u201cSite\u201d) is published by Coat Haut de Sigy de Roux, an association d\u2019avocats \u00e0 responsabilit\u00e9 professionnelle individuelle (AARPI), registered at : 3, rue du Faubourg Saint-Honor\u00e9 \u2013 75008 Paris","og_url":"https:\/\/coatsigy.com\/en\/disclaimer\/","og_site_name":"Coat Haut de Sigy de Roux","article_modified_time":"2024-05-23T13:30:45+00:00","twitter_card":"summary_large_image","twitter_misc":{"Est. reading time":"3 minutes"},"schema":{"@context":"https:\/\/schema.org","@graph":[{"@type":"WebPage","@id":"https:\/\/coatsigy.com\/en\/disclaimer\/","url":"https:\/\/coatsigy.com\/en\/disclaimer\/","name":"Disclaimer, legal notice - Coat Haut de Sigy de Roux Avocats","isPartOf":{"@id":"https:\/\/coatsigy.com\/#website"},"datePublished":"2018-02-06T08:53:15+00:00","dateModified":"2024-05-23T13:30:45+00:00","description":"The www.coatsigy.com website (\u201cSite\u201d) is published by Coat Haut de Sigy de Roux, an association d\u2019avocats \u00e0 responsabilit\u00e9 professionnelle individuelle (AARPI), registered at : 3, rue du Faubourg Saint-Honor\u00e9 \u2013 75008 Paris","breadcrumb":{"@id":"https:\/\/coatsigy.com\/en\/disclaimer\/#breadcrumb"},"inLanguage":"en-US","potentialAction":[{"@type":"ReadAction","target":["https:\/\/coatsigy.com\/en\/disclaimer\/"]}]},{"@type":"BreadcrumbList","@id":"https:\/\/coatsigy.com\/en\/disclaimer\/#breadcrumb","itemListElement":[{"@type":"ListItem","position":1,"name":"Accueil","item":"https:\/\/coatsigy.com\/en\/"},{"@type":"ListItem","position":2,"name":"Disclaimer"}]},{"@type":"WebSite","@id":"https:\/\/coatsigy.com\/#website","url":"https:\/\/coatsigy.com\/","name":"Coat Haut de Sigy de Roux","description":"Cabinet d\u2019avocats fran\u00e7ais ind\u00e9pendant, Coat Haut de Sigy de Roux intervient en Droit p\u00e9nal des affaires, Droit de la presse et des m\u00e9dias, Contentieux r\u00e9glementaire, Conformit\u00e9, Contentieux civil et commercial, Enqu\u00eates internes pour des structures nationales et internationales.","potentialAction":[{"@type":"SearchAction","target":{"@type":"EntryPoint","urlTemplate":"https:\/\/coatsigy.com\/?s={search_term_string}"},"query-input":{"@type":"PropertyValueSpecification","valueRequired":true,"valueName":"search_term_string"}}],"inLanguage":"en-US"}]}},"_links":{"self":[{"href":"https:\/\/coatsigy.com\/en\/wp-json\/wp\/v2\/pages\/603","targetHints":{"allow":["GET"]}}],"collection":[{"href":"https:\/\/coatsigy.com\/en\/wp-json\/wp\/v2\/pages"}],"about":[{"href":"https:\/\/coatsigy.com\/en\/wp-json\/wp\/v2\/types\/page"}],"author":[{"embeddable":true,"href":"https:\/\/coatsigy.com\/en\/wp-json\/wp\/v2\/users\/1"}],"replies":[{"embeddable":true,"href":"https:\/\/coatsigy.com\/en\/wp-json\/wp\/v2\/comments?post=603"}],"version-history":[{"count":7,"href":"https:\/\/coatsigy.com\/en\/wp-json\/wp\/v2\/pages\/603\/revisions"}],"predecessor-version":[{"id":4196,"href":"https:\/\/coatsigy.com\/en\/wp-json\/wp\/v2\/pages\/603\/revisions\/4196"}],"wp:attachment":[{"href":"https:\/\/coatsigy.com\/en\/wp-json\/wp\/v2\/media?parent=603"}],"curies":[{"name":"wp","href":"https:\/\/api.w.org\/{rel}","templated":true}]}}