{"id":602,"date":"2018-02-06T09:52:55","date_gmt":"2018-02-06T08:52:55","guid":{"rendered":"http:\/\/coatsigy.eliott-markus.digital\/contact\/"},"modified":"2022-02-03T11:44:13","modified_gmt":"2022-02-03T10:44:13","slug":"contact","status":"publish","type":"page","link":"https:\/\/coatsigy.com\/en\/contact\/","title":{"rendered":"Contact"},"content":{"rendered":"<p>&nbsp;<\/p>\n<h1>Contact Form<\/h1>\n","protected":false},"excerpt":{"rendered":"<p>&nbsp; Contact Form<\/p>\n","protected":false},"author":1,"featured_media":0,"parent":0,"menu_order":0,"comment_status":"closed","ping_status":"closed","template":"pages\/contact.php","meta":{"_acf_changed":false,"_monsterinsights_skip_tracking":false,"_monsterinsights_sitenote_active":false,"_monsterinsights_sitenote_note":"","_monsterinsights_sitenote_category":0,"footnotes":""},"class_list":["post-602","page","type-page","status-publish","hentry"],"acf":[],"yoast_head":"<!-- This site is optimized with the Yoast SEO plugin v27.1.1 - https:\/\/yoast.com\/product\/yoast-seo-wordpress\/ -->\n<title>Contact form, please contact us - Coat Haut de Sigy de Roux Minor Avocats<\/title>\n<meta name=\"description\" content=\"Contact us: Coat Haut de Sigy de Roux Minor Avocats : Criminal defense, litigation, compliance. Adress : 16, AVENUE DE FRIEDLAND \u2013 75008 PARIS\" \/>\n<meta name=\"robots\" content=\"index, follow, max-snippet:-1, max-image-preview:large, max-video-preview:-1\" \/>\n<link rel=\"canonical\" href=\"https:\/\/coatsigy.com\/en\/contact\/\" \/>\n<meta property=\"og:locale\" content=\"en_US\" \/>\n<meta property=\"og:type\" content=\"article\" \/>\n<meta property=\"og:title\" content=\"Contact form, please contact us - Coat Haut de Sigy de Roux Minor Avocats\" \/>\n<meta property=\"og:description\" content=\"Contact us: Coat Haut de Sigy de Roux Minor Avocats : Criminal defense, litigation, compliance. Adress : 16, AVENUE DE FRIEDLAND \u2013 75008 PARIS\" \/>\n<meta property=\"og:url\" content=\"https:\/\/coatsigy.com\/en\/contact\/\" \/>\n<meta property=\"og:site_name\" content=\"Coat Haut de Sigy de Roux\" \/>\n<meta property=\"article:modified_time\" content=\"2022-02-03T10:44:13+00:00\" \/>\n<meta name=\"twitter:card\" content=\"summary_large_image\" \/>\n<script type=\"application\/ld+json\" class=\"yoast-schema-graph\">{\"@context\":\"https:\/\/schema.org\",\"@graph\":[{\"@type\":\"WebPage\",\"@id\":\"https:\/\/coatsigy.com\/en\/contact\/\",\"url\":\"https:\/\/coatsigy.com\/en\/contact\/\",\"name\":\"Contact form, please contact us - Coat Haut de Sigy de Roux Minor Avocats\",\"isPartOf\":{\"@id\":\"https:\/\/coatsigy.com\/#website\"},\"datePublished\":\"2018-02-06T08:52:55+00:00\",\"dateModified\":\"2022-02-03T10:44:13+00:00\",\"description\":\"Contact us: Coat Haut de Sigy de Roux Minor Avocats : Criminal defense, litigation, compliance. Adress : 16, AVENUE DE FRIEDLAND \u2013 75008 PARIS\",\"breadcrumb\":{\"@id\":\"https:\/\/coatsigy.com\/en\/contact\/#breadcrumb\"},\"inLanguage\":\"en-US\",\"potentialAction\":[{\"@type\":\"ReadAction\",\"target\":[\"https:\/\/coatsigy.com\/en\/contact\/\"]}]},{\"@type\":\"BreadcrumbList\",\"@id\":\"https:\/\/coatsigy.com\/en\/contact\/#breadcrumb\",\"itemListElement\":[{\"@type\":\"ListItem\",\"position\":1,\"name\":\"Accueil\",\"item\":\"https:\/\/coatsigy.com\/en\/\"},{\"@type\":\"ListItem\",\"position\":2,\"name\":\"Contact\"}]},{\"@type\":\"WebSite\",\"@id\":\"https:\/\/coatsigy.com\/#website\",\"url\":\"https:\/\/coatsigy.com\/\",\"name\":\"Coat Haut de Sigy de Roux\",\"description\":\"Cabinet d\u2019avocats fran\u00e7ais ind\u00e9pendant, Coat Haut de Sigy de Roux intervient en Droit p\u00e9nal des affaires, Droit de la presse et des m\u00e9dias, Contentieux r\u00e9glementaire, Conformit\u00e9, Contentieux civil et commercial, Enqu\u00eates internes pour des structures nationales et internationales.\",\"potentialAction\":[{\"@type\":\"SearchAction\",\"target\":{\"@type\":\"EntryPoint\",\"urlTemplate\":\"https:\/\/coatsigy.com\/?s={search_term_string}\"},\"query-input\":{\"@type\":\"PropertyValueSpecification\",\"valueRequired\":true,\"valueName\":\"search_term_string\"}}],\"inLanguage\":\"en-US\"}]}<\/script>\n<!-- \/ Yoast SEO plugin. -->","yoast_head_json":{"title":"Contact form, please contact us - Coat Haut de Sigy de Roux Minor Avocats","description":"Contact us: Coat Haut de Sigy de Roux Minor Avocats : Criminal defense, litigation, compliance. Adress : 16, AVENUE DE FRIEDLAND \u2013 75008 PARIS","robots":{"index":"index","follow":"follow","max-snippet":"max-snippet:-1","max-image-preview":"max-image-preview:large","max-video-preview":"max-video-preview:-1"},"canonical":"https:\/\/coatsigy.com\/en\/contact\/","og_locale":"en_US","og_type":"article","og_title":"Contact form, please contact us - Coat Haut de Sigy de Roux Minor Avocats","og_description":"Contact us: Coat Haut de Sigy de Roux Minor Avocats : Criminal defense, litigation, compliance. Adress : 16, AVENUE DE FRIEDLAND \u2013 75008 PARIS","og_url":"https:\/\/coatsigy.com\/en\/contact\/","og_site_name":"Coat Haut de Sigy de Roux","article_modified_time":"2022-02-03T10:44:13+00:00","twitter_card":"summary_large_image","schema":{"@context":"https:\/\/schema.org","@graph":[{"@type":"WebPage","@id":"https:\/\/coatsigy.com\/en\/contact\/","url":"https:\/\/coatsigy.com\/en\/contact\/","name":"Contact form, please contact us - Coat Haut de Sigy de Roux Minor Avocats","isPartOf":{"@id":"https:\/\/coatsigy.com\/#website"},"datePublished":"2018-02-06T08:52:55+00:00","dateModified":"2022-02-03T10:44:13+00:00","description":"Contact us: Coat Haut de Sigy de Roux Minor Avocats : Criminal defense, litigation, compliance. Adress : 16, AVENUE DE FRIEDLAND \u2013 75008 PARIS","breadcrumb":{"@id":"https:\/\/coatsigy.com\/en\/contact\/#breadcrumb"},"inLanguage":"en-US","potentialAction":[{"@type":"ReadAction","target":["https:\/\/coatsigy.com\/en\/contact\/"]}]},{"@type":"BreadcrumbList","@id":"https:\/\/coatsigy.com\/en\/contact\/#breadcrumb","itemListElement":[{"@type":"ListItem","position":1,"name":"Accueil","item":"https:\/\/coatsigy.com\/en\/"},{"@type":"ListItem","position":2,"name":"Contact"}]},{"@type":"WebSite","@id":"https:\/\/coatsigy.com\/#website","url":"https:\/\/coatsigy.com\/","name":"Coat Haut de Sigy de Roux","description":"Cabinet d\u2019avocats fran\u00e7ais ind\u00e9pendant, Coat Haut de Sigy de Roux intervient en Droit p\u00e9nal des affaires, Droit de la presse et des m\u00e9dias, Contentieux r\u00e9glementaire, Conformit\u00e9, Contentieux civil et commercial, Enqu\u00eates internes pour des structures nationales et internationales.","potentialAction":[{"@type":"SearchAction","target":{"@type":"EntryPoint","urlTemplate":"https:\/\/coatsigy.com\/?s={search_term_string}"},"query-input":{"@type":"PropertyValueSpecification","valueRequired":true,"valueName":"search_term_string"}}],"inLanguage":"en-US"}]}},"_links":{"self":[{"href":"https:\/\/coatsigy.com\/en\/wp-json\/wp\/v2\/pages\/602","targetHints":{"allow":["GET"]}}],"collection":[{"href":"https:\/\/coatsigy.com\/en\/wp-json\/wp\/v2\/pages"}],"about":[{"href":"https:\/\/coatsigy.com\/en\/wp-json\/wp\/v2\/types\/page"}],"author":[{"embeddable":true,"href":"https:\/\/coatsigy.com\/en\/wp-json\/wp\/v2\/users\/1"}],"replies":[{"embeddable":true,"href":"https:\/\/coatsigy.com\/en\/wp-json\/wp\/v2\/comments?post=602"}],"version-history":[{"count":13,"href":"https:\/\/coatsigy.com\/en\/wp-json\/wp\/v2\/pages\/602\/revisions"}],"predecessor-version":[{"id":3387,"href":"https:\/\/coatsigy.com\/en\/wp-json\/wp\/v2\/pages\/602\/revisions\/3387"}],"wp:attachment":[{"href":"https:\/\/coatsigy.com\/en\/wp-json\/wp\/v2\/media?parent=602"}],"curies":[{"name":"wp","href":"https:\/\/api.w.org\/{rel}","templated":true}]}}