{"id":600,"date":"2018-02-06T09:52:24","date_gmt":"2018-02-06T08:52:24","guid":{"rendered":"http:\/\/coatsigy.eliott-markus.digital\/international\/"},"modified":"2024-05-23T12:19:04","modified_gmt":"2024-05-23T10:19:04","slug":"international","status":"publish","type":"page","link":"https:\/\/coatsigy.com\/en\/international\/","title":{"rendered":"International"},"content":{"rendered":"<p>Coat Haut de Sigy de Roux has extensive experience in managing cases involving or led by foreign jurisdictions and authorities.<br \/>\nAll of our lawyers have been admitted to the Paris Bar and some have been admitted elsewhere, notably the New York State Bar.<\/p>\n<p>They have worked on international cases in connection with judicial or regulatory investigations by French or international authorities: Parquet National Financier (PNF), U.S. Department of Justice (DOJ), U.S. Federal Reserve, U.S. Office of Foreign Control (OFAC), U.K. Financial Conduct Authority (FAC).<\/p>\n","protected":false},"excerpt":{"rendered":"<p>Coat Haut de Sigy de Roux has extensive experience in managing cases involving or led by foreign jurisdictions and authorities. All of our lawyers have been admitted to the Paris Bar and some have been admitted elsewhere, notably the New York State Bar. They have worked on international cases in connection with judicial or regulatory [&hellip;]<\/p>\n","protected":false},"author":1,"featured_media":0,"parent":0,"menu_order":0,"comment_status":"closed","ping_status":"closed","template":"pages\/international.php","meta":{"_acf_changed":false,"_monsterinsights_skip_tracking":false,"_monsterinsights_sitenote_active":false,"_monsterinsights_sitenote_note":"","_monsterinsights_sitenote_category":0,"footnotes":""},"class_list":["post-600","page","type-page","status-publish","hentry"],"acf":[],"yoast_head":"<!-- This site is optimized with the Yoast SEO plugin v27.1.1 - https:\/\/yoast.com\/product\/yoast-seo-wordpress\/ -->\n<title>International representation of the law firm - Coat Haut de Sigy de Roux Avocats<\/title>\n<meta name=\"description\" content=\"Coat Haut de Sigy has extensive experience in managing cases involving or led by foreign jurisdictions and authorities. All of our lawyers have been admitted to the Paris Bar and some have been admitted elsewhere, notably the New York State Bar.\" \/>\n<meta name=\"robots\" content=\"index, follow, max-snippet:-1, max-image-preview:large, max-video-preview:-1\" \/>\n<link rel=\"canonical\" href=\"https:\/\/coatsigy.com\/en\/international\/\" \/>\n<meta property=\"og:locale\" content=\"en_US\" \/>\n<meta property=\"og:type\" content=\"article\" \/>\n<meta property=\"og:title\" content=\"International representation of the law firm - Coat Haut de Sigy de Roux Avocats\" \/>\n<meta property=\"og:description\" content=\"Coat Haut de Sigy has extensive experience in managing cases involving or led by foreign jurisdictions and authorities. All of our lawyers have been admitted to the Paris Bar and some have been admitted elsewhere, notably the New York State Bar.\" \/>\n<meta property=\"og:url\" content=\"https:\/\/coatsigy.com\/en\/international\/\" \/>\n<meta property=\"og:site_name\" content=\"Coat Haut de Sigy de Roux\" \/>\n<meta property=\"article:modified_time\" content=\"2024-05-23T10:19:04+00:00\" \/>\n<meta name=\"twitter:card\" content=\"summary_large_image\" \/>\n<meta name=\"twitter:label1\" content=\"Est. reading time\" \/>\n\t<meta name=\"twitter:data1\" content=\"1 minute\" \/>\n<script type=\"application\/ld+json\" class=\"yoast-schema-graph\">{\"@context\":\"https:\/\/schema.org\",\"@graph\":[{\"@type\":\"WebPage\",\"@id\":\"https:\/\/coatsigy.com\/en\/international\/\",\"url\":\"https:\/\/coatsigy.com\/en\/international\/\",\"name\":\"International representation of the law firm - Coat Haut de Sigy de Roux Avocats\",\"isPartOf\":{\"@id\":\"https:\/\/coatsigy.com\/#website\"},\"datePublished\":\"2018-02-06T08:52:24+00:00\",\"dateModified\":\"2024-05-23T10:19:04+00:00\",\"description\":\"Coat Haut de Sigy has extensive experience in managing cases involving or led by foreign jurisdictions and authorities. All of our lawyers have been admitted to the Paris Bar and some have been admitted elsewhere, notably the New York State Bar.\",\"breadcrumb\":{\"@id\":\"https:\/\/coatsigy.com\/en\/international\/#breadcrumb\"},\"inLanguage\":\"en-US\",\"potentialAction\":[{\"@type\":\"ReadAction\",\"target\":[\"https:\/\/coatsigy.com\/en\/international\/\"]}]},{\"@type\":\"BreadcrumbList\",\"@id\":\"https:\/\/coatsigy.com\/en\/international\/#breadcrumb\",\"itemListElement\":[{\"@type\":\"ListItem\",\"position\":1,\"name\":\"Accueil\",\"item\":\"https:\/\/coatsigy.com\/en\/\"},{\"@type\":\"ListItem\",\"position\":2,\"name\":\"International\"}]},{\"@type\":\"WebSite\",\"@id\":\"https:\/\/coatsigy.com\/#website\",\"url\":\"https:\/\/coatsigy.com\/\",\"name\":\"Coat Haut de Sigy de Roux\",\"description\":\"Cabinet d\u2019avocats fran\u00e7ais ind\u00e9pendant, Coat Haut de Sigy de Roux intervient en Droit p\u00e9nal des affaires, Droit de la presse et des m\u00e9dias, Contentieux r\u00e9glementaire, Conformit\u00e9, Contentieux civil et commercial, Enqu\u00eates internes pour des structures nationales et internationales.\",\"potentialAction\":[{\"@type\":\"SearchAction\",\"target\":{\"@type\":\"EntryPoint\",\"urlTemplate\":\"https:\/\/coatsigy.com\/?s={search_term_string}\"},\"query-input\":{\"@type\":\"PropertyValueSpecification\",\"valueRequired\":true,\"valueName\":\"search_term_string\"}}],\"inLanguage\":\"en-US\"}]}<\/script>\n<!-- \/ Yoast SEO plugin. -->","yoast_head_json":{"title":"International representation of the law firm - Coat Haut de Sigy de Roux Avocats","description":"Coat Haut de Sigy has extensive experience in managing cases involving or led by foreign jurisdictions and authorities. All of our lawyers have been admitted to the Paris Bar and some have been admitted elsewhere, notably the New York State Bar.","robots":{"index":"index","follow":"follow","max-snippet":"max-snippet:-1","max-image-preview":"max-image-preview:large","max-video-preview":"max-video-preview:-1"},"canonical":"https:\/\/coatsigy.com\/en\/international\/","og_locale":"en_US","og_type":"article","og_title":"International representation of the law firm - Coat Haut de Sigy de Roux Avocats","og_description":"Coat Haut de Sigy has extensive experience in managing cases involving or led by foreign jurisdictions and authorities. All of our lawyers have been admitted to the Paris Bar and some have been admitted elsewhere, notably the New York State Bar.","og_url":"https:\/\/coatsigy.com\/en\/international\/","og_site_name":"Coat Haut de Sigy de Roux","article_modified_time":"2024-05-23T10:19:04+00:00","twitter_card":"summary_large_image","twitter_misc":{"Est. reading time":"1 minute"},"schema":{"@context":"https:\/\/schema.org","@graph":[{"@type":"WebPage","@id":"https:\/\/coatsigy.com\/en\/international\/","url":"https:\/\/coatsigy.com\/en\/international\/","name":"International representation of the law firm - Coat Haut de Sigy de Roux Avocats","isPartOf":{"@id":"https:\/\/coatsigy.com\/#website"},"datePublished":"2018-02-06T08:52:24+00:00","dateModified":"2024-05-23T10:19:04+00:00","description":"Coat Haut de Sigy has extensive experience in managing cases involving or led by foreign jurisdictions and authorities. All of our lawyers have been admitted to the Paris Bar and some have been admitted elsewhere, notably the New York State Bar.","breadcrumb":{"@id":"https:\/\/coatsigy.com\/en\/international\/#breadcrumb"},"inLanguage":"en-US","potentialAction":[{"@type":"ReadAction","target":["https:\/\/coatsigy.com\/en\/international\/"]}]},{"@type":"BreadcrumbList","@id":"https:\/\/coatsigy.com\/en\/international\/#breadcrumb","itemListElement":[{"@type":"ListItem","position":1,"name":"Accueil","item":"https:\/\/coatsigy.com\/en\/"},{"@type":"ListItem","position":2,"name":"International"}]},{"@type":"WebSite","@id":"https:\/\/coatsigy.com\/#website","url":"https:\/\/coatsigy.com\/","name":"Coat Haut de Sigy de Roux","description":"Cabinet d\u2019avocats fran\u00e7ais ind\u00e9pendant, Coat Haut de Sigy de Roux intervient en Droit p\u00e9nal des affaires, Droit de la presse et des m\u00e9dias, Contentieux r\u00e9glementaire, Conformit\u00e9, Contentieux civil et commercial, Enqu\u00eates internes pour des structures nationales et internationales.","potentialAction":[{"@type":"SearchAction","target":{"@type":"EntryPoint","urlTemplate":"https:\/\/coatsigy.com\/?s={search_term_string}"},"query-input":{"@type":"PropertyValueSpecification","valueRequired":true,"valueName":"search_term_string"}}],"inLanguage":"en-US"}]}},"_links":{"self":[{"href":"https:\/\/coatsigy.com\/en\/wp-json\/wp\/v2\/pages\/600","targetHints":{"allow":["GET"]}}],"collection":[{"href":"https:\/\/coatsigy.com\/en\/wp-json\/wp\/v2\/pages"}],"about":[{"href":"https:\/\/coatsigy.com\/en\/wp-json\/wp\/v2\/types\/page"}],"author":[{"embeddable":true,"href":"https:\/\/coatsigy.com\/en\/wp-json\/wp\/v2\/users\/1"}],"replies":[{"embeddable":true,"href":"https:\/\/coatsigy.com\/en\/wp-json\/wp\/v2\/comments?post=600"}],"version-history":[{"count":6,"href":"https:\/\/coatsigy.com\/en\/wp-json\/wp\/v2\/pages\/600\/revisions"}],"predecessor-version":[{"id":4169,"href":"https:\/\/coatsigy.com\/en\/wp-json\/wp\/v2\/pages\/600\/revisions\/4169"}],"wp:attachment":[{"href":"https:\/\/coatsigy.com\/en\/wp-json\/wp\/v2\/media?parent=600"}],"curies":[{"name":"wp","href":"https:\/\/api.w.org\/{rel}","templated":true}]}}