{"id":597,"date":"2018-03-07T15:44:25","date_gmt":"2018-03-07T14:44:25","guid":{"rendered":"http:\/\/coatsigy.eliott-markus.digital\/droit-de-la-presse-et-des-medias\/"},"modified":"2024-05-23T15:29:21","modified_gmt":"2024-05-23T13:29:21","slug":"press-and-media-law","status":"publish","type":"page","link":"https:\/\/coatsigy.com\/en\/press-and-media-law\/","title":{"rendered":"Press and Media Law"},"content":{"rendered":"<p>Coat Haut de Sigy de Roux advises clients in press and media disputes.<\/p>\n<p>Our firm defends and files claims in criminal, civil and commercial courts.<\/p>\n<p>Our lawyers also represent our clients in crisis management and damage to reputation.<\/p>\n<p>Defamation, smear campaigns and dissemination of illegal content are just a few of the cases handled.<\/p>\n","protected":false},"excerpt":{"rendered":"<p>Coat Haut de Sigy de Roux advises clients in press and media disputes. Our firm defends and files claims in criminal, civil and commercial courts. Our lawyers also represent our clients in crisis management and damage to reputation. Defamation, smear campaigns and dissemination of illegal content are just a few of the cases handled.<\/p>\n","protected":false},"author":1,"featured_media":0,"parent":0,"menu_order":0,"comment_status":"closed","ping_status":"closed","template":"pages\/sub-juridique.php","meta":{"_acf_changed":false,"_monsterinsights_skip_tracking":false,"_monsterinsights_sitenote_active":false,"_monsterinsights_sitenote_note":"","_monsterinsights_sitenote_category":0,"footnotes":""},"class_list":["post-597","page","type-page","status-publish","hentry"],"acf":[],"yoast_head":"<!-- This site is optimized with the Yoast SEO plugin v27.1.1 - https:\/\/yoast.com\/product\/yoast-seo-wordpress\/ -->\n<title>Press and media law - Coat Haut de Sigy Avocats law firm<\/title>\n<meta name=\"description\" content=\"Coat Haut de Sigy advises clients in press and media disputes. Our firm defends and files claims in criminal, civil and commercial courts. Our lawyers also represent our clients in crisis management and damage to reputation.\" \/>\n<meta name=\"robots\" content=\"index, follow, max-snippet:-1, max-image-preview:large, max-video-preview:-1\" \/>\n<link rel=\"canonical\" href=\"https:\/\/coatsigy.com\/en\/press-and-media-law\/\" \/>\n<meta property=\"og:locale\" content=\"en_US\" \/>\n<meta property=\"og:type\" content=\"article\" \/>\n<meta property=\"og:title\" content=\"Press and media law - Coat Haut de Sigy Avocats law firm\" \/>\n<meta property=\"og:description\" content=\"Coat Haut de Sigy advises clients in press and media disputes. Our firm defends and files claims in criminal, civil and commercial courts. Our lawyers also represent our clients in crisis management and damage to reputation.\" \/>\n<meta property=\"og:url\" content=\"https:\/\/coatsigy.com\/en\/press-and-media-law\/\" \/>\n<meta property=\"og:site_name\" content=\"Coat Haut de Sigy de Roux\" \/>\n<meta property=\"article:modified_time\" content=\"2024-05-23T13:29:21+00:00\" \/>\n<meta name=\"twitter:card\" content=\"summary_large_image\" \/>\n<meta name=\"twitter:label1\" content=\"Est. reading time\" \/>\n\t<meta name=\"twitter:data1\" content=\"1 minute\" \/>\n<script type=\"application\/ld+json\" class=\"yoast-schema-graph\">{\"@context\":\"https:\/\/schema.org\",\"@graph\":[{\"@type\":\"WebPage\",\"@id\":\"https:\/\/coatsigy.com\/en\/press-and-media-law\/\",\"url\":\"https:\/\/coatsigy.com\/en\/press-and-media-law\/\",\"name\":\"Press and media law - Coat Haut de Sigy Avocats law firm\",\"isPartOf\":{\"@id\":\"https:\/\/coatsigy.com\/#website\"},\"datePublished\":\"2018-03-07T14:44:25+00:00\",\"dateModified\":\"2024-05-23T13:29:21+00:00\",\"description\":\"Coat Haut de Sigy advises clients in press and media disputes. Our firm defends and files claims in criminal, civil and commercial courts. Our lawyers also represent our clients in crisis management and damage to reputation.\",\"breadcrumb\":{\"@id\":\"https:\/\/coatsigy.com\/en\/press-and-media-law\/#breadcrumb\"},\"inLanguage\":\"en-US\",\"potentialAction\":[{\"@type\":\"ReadAction\",\"target\":[\"https:\/\/coatsigy.com\/en\/press-and-media-law\/\"]}]},{\"@type\":\"BreadcrumbList\",\"@id\":\"https:\/\/coatsigy.com\/en\/press-and-media-law\/#breadcrumb\",\"itemListElement\":[{\"@type\":\"ListItem\",\"position\":1,\"name\":\"Accueil\",\"item\":\"https:\/\/coatsigy.com\/en\/\"},{\"@type\":\"ListItem\",\"position\":2,\"name\":\"Press and Media Law\"}]},{\"@type\":\"WebSite\",\"@id\":\"https:\/\/coatsigy.com\/#website\",\"url\":\"https:\/\/coatsigy.com\/\",\"name\":\"Coat Haut de Sigy de Roux\",\"description\":\"Cabinet d\u2019avocats fran\u00e7ais ind\u00e9pendant, Coat Haut de Sigy de Roux intervient en Droit p\u00e9nal des affaires, Droit de la presse et des m\u00e9dias, Contentieux r\u00e9glementaire, Conformit\u00e9, Contentieux civil et commercial, Enqu\u00eates internes pour des structures nationales et internationales.\",\"potentialAction\":[{\"@type\":\"SearchAction\",\"target\":{\"@type\":\"EntryPoint\",\"urlTemplate\":\"https:\/\/coatsigy.com\/?s={search_term_string}\"},\"query-input\":{\"@type\":\"PropertyValueSpecification\",\"valueRequired\":true,\"valueName\":\"search_term_string\"}}],\"inLanguage\":\"en-US\"}]}<\/script>\n<!-- \/ Yoast SEO plugin. -->","yoast_head_json":{"title":"Press and media law - Coat Haut de Sigy Avocats law firm","description":"Coat Haut de Sigy advises clients in press and media disputes. Our firm defends and files claims in criminal, civil and commercial courts. Our lawyers also represent our clients in crisis management and damage to reputation.","robots":{"index":"index","follow":"follow","max-snippet":"max-snippet:-1","max-image-preview":"max-image-preview:large","max-video-preview":"max-video-preview:-1"},"canonical":"https:\/\/coatsigy.com\/en\/press-and-media-law\/","og_locale":"en_US","og_type":"article","og_title":"Press and media law - Coat Haut de Sigy Avocats law firm","og_description":"Coat Haut de Sigy advises clients in press and media disputes. Our firm defends and files claims in criminal, civil and commercial courts. Our lawyers also represent our clients in crisis management and damage to reputation.","og_url":"https:\/\/coatsigy.com\/en\/press-and-media-law\/","og_site_name":"Coat Haut de Sigy de Roux","article_modified_time":"2024-05-23T13:29:21+00:00","twitter_card":"summary_large_image","twitter_misc":{"Est. reading time":"1 minute"},"schema":{"@context":"https:\/\/schema.org","@graph":[{"@type":"WebPage","@id":"https:\/\/coatsigy.com\/en\/press-and-media-law\/","url":"https:\/\/coatsigy.com\/en\/press-and-media-law\/","name":"Press and media law - Coat Haut de Sigy Avocats law firm","isPartOf":{"@id":"https:\/\/coatsigy.com\/#website"},"datePublished":"2018-03-07T14:44:25+00:00","dateModified":"2024-05-23T13:29:21+00:00","description":"Coat Haut de Sigy advises clients in press and media disputes. Our firm defends and files claims in criminal, civil and commercial courts. Our lawyers also represent our clients in crisis management and damage to reputation.","breadcrumb":{"@id":"https:\/\/coatsigy.com\/en\/press-and-media-law\/#breadcrumb"},"inLanguage":"en-US","potentialAction":[{"@type":"ReadAction","target":["https:\/\/coatsigy.com\/en\/press-and-media-law\/"]}]},{"@type":"BreadcrumbList","@id":"https:\/\/coatsigy.com\/en\/press-and-media-law\/#breadcrumb","itemListElement":[{"@type":"ListItem","position":1,"name":"Accueil","item":"https:\/\/coatsigy.com\/en\/"},{"@type":"ListItem","position":2,"name":"Press and Media Law"}]},{"@type":"WebSite","@id":"https:\/\/coatsigy.com\/#website","url":"https:\/\/coatsigy.com\/","name":"Coat Haut de Sigy de Roux","description":"Cabinet d\u2019avocats fran\u00e7ais ind\u00e9pendant, Coat Haut de Sigy de Roux intervient en Droit p\u00e9nal des affaires, Droit de la presse et des m\u00e9dias, Contentieux r\u00e9glementaire, Conformit\u00e9, Contentieux civil et commercial, Enqu\u00eates internes pour des structures nationales et internationales.","potentialAction":[{"@type":"SearchAction","target":{"@type":"EntryPoint","urlTemplate":"https:\/\/coatsigy.com\/?s={search_term_string}"},"query-input":{"@type":"PropertyValueSpecification","valueRequired":true,"valueName":"search_term_string"}}],"inLanguage":"en-US"}]}},"_links":{"self":[{"href":"https:\/\/coatsigy.com\/en\/wp-json\/wp\/v2\/pages\/597","targetHints":{"allow":["GET"]}}],"collection":[{"href":"https:\/\/coatsigy.com\/en\/wp-json\/wp\/v2\/pages"}],"about":[{"href":"https:\/\/coatsigy.com\/en\/wp-json\/wp\/v2\/types\/page"}],"author":[{"embeddable":true,"href":"https:\/\/coatsigy.com\/en\/wp-json\/wp\/v2\/users\/1"}],"replies":[{"embeddable":true,"href":"https:\/\/coatsigy.com\/en\/wp-json\/wp\/v2\/comments?post=597"}],"version-history":[{"count":7,"href":"https:\/\/coatsigy.com\/en\/wp-json\/wp\/v2\/pages\/597\/revisions"}],"predecessor-version":[{"id":4195,"href":"https:\/\/coatsigy.com\/en\/wp-json\/wp\/v2\/pages\/597\/revisions\/4195"}],"wp:attachment":[{"href":"https:\/\/coatsigy.com\/en\/wp-json\/wp\/v2\/media?parent=597"}],"curies":[{"name":"wp","href":"https:\/\/api.w.org\/{rel}","templated":true}]}}