{"id":596,"date":"2018-02-08T17:14:26","date_gmt":"2018-02-08T16:14:26","guid":{"rendered":"http:\/\/coatsigy.eliott-markus.digital\/contentieux-reglementaire\/"},"modified":"2024-05-23T15:29:08","modified_gmt":"2024-05-23T13:29:08","slug":"regulatory-and-disciplinary-disputes","status":"publish","type":"page","link":"https:\/\/coatsigy.com\/en\/regulatory-and-disciplinary-disputes\/","title":{"rendered":"Regulatory and Disciplinary Disputes"},"content":{"rendered":"<p>Coat Haut de Sigy de Roux represents clients in disputes and disciplinary procedures before regulators on bank financial and stock market affairs as well as during investigations carried out by national or foreign administrative authorities in the fight against corruption and influence peddling.<\/p>\n<p>Our lawyers represent our clients in all stages of investigations including document-based and on-the-spot checks, interrogations, report notification and response to observations, and hearings before the Sanctions Committee.<\/p>\n<p>These regulators include the <a href=\"https:\/\/www.amf-france.org\/en\">Financial Markets Authority<\/a> (AMF), the <a href=\"https:\/\/acpr.banque-france.fr\/en\">Bank and Insurance Regulator<\/a> (ACPR), the <a href=\"https:\/\/www.agence-francaise-anticorruption.gouv.fr\/fr\">French Anticorruption Agency<\/a> (AFA), the <a href=\"https:\/\/www.economie.gouv.fr\/commission-nationale-sanctions\/presentation-commission-nationale-des-sanctions-cns\">National Sanctions Committee<\/a> (CNS), and the <a href=\"https:\/\/www.siccfin.mc\/en\">Information and Control Service for Financial Circuits<\/a><a href=\"https:\/\/www.agence-francaise-anticorruption.gouv.fr\/fr\"> (SICCFIN) in Monaco.<\/a><\/p>\n","protected":false},"excerpt":{"rendered":"<p>Coat Haut de Sigy de Roux represents clients in disputes and disciplinary procedures before regulators on bank financial and stock market affairs as well as during investigations carried out by national or foreign administrative authorities in the fight against corruption and influence peddling. Our lawyers represent our clients in all stages of investigations including document-based [&hellip;]<\/p>\n","protected":false},"author":1,"featured_media":0,"parent":0,"menu_order":0,"comment_status":"closed","ping_status":"closed","template":"pages\/sub-juridique.php","meta":{"_acf_changed":false,"_monsterinsights_skip_tracking":false,"_monsterinsights_sitenote_active":false,"_monsterinsights_sitenote_note":"","_monsterinsights_sitenote_category":0,"footnotes":""},"class_list":["post-596","page","type-page","status-publish","hentry"],"acf":[],"yoast_head":"<!-- This site is optimized with the Yoast SEO plugin v27.1.1 - https:\/\/yoast.com\/product\/yoast-seo-wordpress\/ -->\n<title>Regulatory disputes - Coat Haut de Sigy Avocats law firm<\/title>\n<meta name=\"description\" content=\"Coat Haut de Sigy represents clients in disputes and disciplinary procedures before regulators on bank financial and stock market affairs. Our lawyers represent our clients in all stages of investigations including document-based and on-the-spot checks.\" \/>\n<meta name=\"robots\" content=\"index, follow, max-snippet:-1, max-image-preview:large, max-video-preview:-1\" \/>\n<link rel=\"canonical\" href=\"https:\/\/coatsigy.com\/en\/regulatory-and-disciplinary-disputes\/\" \/>\n<meta property=\"og:locale\" content=\"en_US\" \/>\n<meta property=\"og:type\" content=\"article\" \/>\n<meta property=\"og:title\" content=\"Regulatory disputes - Coat Haut de Sigy Avocats law firm\" \/>\n<meta property=\"og:description\" content=\"Coat Haut de Sigy represents clients in disputes and disciplinary procedures before regulators on bank financial and stock market affairs. Our lawyers represent our clients in all stages of investigations including document-based and on-the-spot checks.\" \/>\n<meta property=\"og:url\" content=\"https:\/\/coatsigy.com\/en\/regulatory-and-disciplinary-disputes\/\" \/>\n<meta property=\"og:site_name\" content=\"Coat Haut de Sigy de Roux\" \/>\n<meta property=\"article:modified_time\" content=\"2024-05-23T13:29:08+00:00\" \/>\n<meta name=\"twitter:card\" content=\"summary_large_image\" \/>\n<meta name=\"twitter:label1\" content=\"Est. reading time\" \/>\n\t<meta name=\"twitter:data1\" content=\"1 minute\" \/>\n<script type=\"application\/ld+json\" class=\"yoast-schema-graph\">{\"@context\":\"https:\/\/schema.org\",\"@graph\":[{\"@type\":\"WebPage\",\"@id\":\"https:\/\/coatsigy.com\/en\/regulatory-and-disciplinary-disputes\/\",\"url\":\"https:\/\/coatsigy.com\/en\/regulatory-and-disciplinary-disputes\/\",\"name\":\"Regulatory disputes - Coat Haut de Sigy Avocats law firm\",\"isPartOf\":{\"@id\":\"https:\/\/coatsigy.com\/#website\"},\"datePublished\":\"2018-02-08T16:14:26+00:00\",\"dateModified\":\"2024-05-23T13:29:08+00:00\",\"description\":\"Coat Haut de Sigy represents clients in disputes and disciplinary procedures before regulators on bank financial and stock market affairs. Our lawyers represent our clients in all stages of investigations including document-based and on-the-spot checks.\",\"breadcrumb\":{\"@id\":\"https:\/\/coatsigy.com\/en\/regulatory-and-disciplinary-disputes\/#breadcrumb\"},\"inLanguage\":\"en-US\",\"potentialAction\":[{\"@type\":\"ReadAction\",\"target\":[\"https:\/\/coatsigy.com\/en\/regulatory-and-disciplinary-disputes\/\"]}]},{\"@type\":\"BreadcrumbList\",\"@id\":\"https:\/\/coatsigy.com\/en\/regulatory-and-disciplinary-disputes\/#breadcrumb\",\"itemListElement\":[{\"@type\":\"ListItem\",\"position\":1,\"name\":\"Accueil\",\"item\":\"https:\/\/coatsigy.com\/en\/\"},{\"@type\":\"ListItem\",\"position\":2,\"name\":\"Regulatory and Disciplinary Disputes\"}]},{\"@type\":\"WebSite\",\"@id\":\"https:\/\/coatsigy.com\/#website\",\"url\":\"https:\/\/coatsigy.com\/\",\"name\":\"Coat Haut de Sigy de Roux\",\"description\":\"Cabinet d\u2019avocats fran\u00e7ais ind\u00e9pendant, Coat Haut de Sigy de Roux intervient en Droit p\u00e9nal des affaires, Droit de la presse et des m\u00e9dias, Contentieux r\u00e9glementaire, Conformit\u00e9, Contentieux civil et commercial, Enqu\u00eates internes pour des structures nationales et internationales.\",\"potentialAction\":[{\"@type\":\"SearchAction\",\"target\":{\"@type\":\"EntryPoint\",\"urlTemplate\":\"https:\/\/coatsigy.com\/?s={search_term_string}\"},\"query-input\":{\"@type\":\"PropertyValueSpecification\",\"valueRequired\":true,\"valueName\":\"search_term_string\"}}],\"inLanguage\":\"en-US\"}]}<\/script>\n<!-- \/ Yoast SEO plugin. -->","yoast_head_json":{"title":"Regulatory disputes - Coat Haut de Sigy Avocats law firm","description":"Coat Haut de Sigy represents clients in disputes and disciplinary procedures before regulators on bank financial and stock market affairs. Our lawyers represent our clients in all stages of investigations including document-based and on-the-spot checks.","robots":{"index":"index","follow":"follow","max-snippet":"max-snippet:-1","max-image-preview":"max-image-preview:large","max-video-preview":"max-video-preview:-1"},"canonical":"https:\/\/coatsigy.com\/en\/regulatory-and-disciplinary-disputes\/","og_locale":"en_US","og_type":"article","og_title":"Regulatory disputes - Coat Haut de Sigy Avocats law firm","og_description":"Coat Haut de Sigy represents clients in disputes and disciplinary procedures before regulators on bank financial and stock market affairs. Our lawyers represent our clients in all stages of investigations including document-based and on-the-spot checks.","og_url":"https:\/\/coatsigy.com\/en\/regulatory-and-disciplinary-disputes\/","og_site_name":"Coat Haut de Sigy de Roux","article_modified_time":"2024-05-23T13:29:08+00:00","twitter_card":"summary_large_image","twitter_misc":{"Est. reading time":"1 minute"},"schema":{"@context":"https:\/\/schema.org","@graph":[{"@type":"WebPage","@id":"https:\/\/coatsigy.com\/en\/regulatory-and-disciplinary-disputes\/","url":"https:\/\/coatsigy.com\/en\/regulatory-and-disciplinary-disputes\/","name":"Regulatory disputes - Coat Haut de Sigy Avocats law firm","isPartOf":{"@id":"https:\/\/coatsigy.com\/#website"},"datePublished":"2018-02-08T16:14:26+00:00","dateModified":"2024-05-23T13:29:08+00:00","description":"Coat Haut de Sigy represents clients in disputes and disciplinary procedures before regulators on bank financial and stock market affairs. Our lawyers represent our clients in all stages of investigations including document-based and on-the-spot checks.","breadcrumb":{"@id":"https:\/\/coatsigy.com\/en\/regulatory-and-disciplinary-disputes\/#breadcrumb"},"inLanguage":"en-US","potentialAction":[{"@type":"ReadAction","target":["https:\/\/coatsigy.com\/en\/regulatory-and-disciplinary-disputes\/"]}]},{"@type":"BreadcrumbList","@id":"https:\/\/coatsigy.com\/en\/regulatory-and-disciplinary-disputes\/#breadcrumb","itemListElement":[{"@type":"ListItem","position":1,"name":"Accueil","item":"https:\/\/coatsigy.com\/en\/"},{"@type":"ListItem","position":2,"name":"Regulatory and Disciplinary Disputes"}]},{"@type":"WebSite","@id":"https:\/\/coatsigy.com\/#website","url":"https:\/\/coatsigy.com\/","name":"Coat Haut de Sigy de Roux","description":"Cabinet d\u2019avocats fran\u00e7ais ind\u00e9pendant, Coat Haut de Sigy de Roux intervient en Droit p\u00e9nal des affaires, Droit de la presse et des m\u00e9dias, Contentieux r\u00e9glementaire, Conformit\u00e9, Contentieux civil et commercial, Enqu\u00eates internes pour des structures nationales et internationales.","potentialAction":[{"@type":"SearchAction","target":{"@type":"EntryPoint","urlTemplate":"https:\/\/coatsigy.com\/?s={search_term_string}"},"query-input":{"@type":"PropertyValueSpecification","valueRequired":true,"valueName":"search_term_string"}}],"inLanguage":"en-US"}]}},"_links":{"self":[{"href":"https:\/\/coatsigy.com\/en\/wp-json\/wp\/v2\/pages\/596","targetHints":{"allow":["GET"]}}],"collection":[{"href":"https:\/\/coatsigy.com\/en\/wp-json\/wp\/v2\/pages"}],"about":[{"href":"https:\/\/coatsigy.com\/en\/wp-json\/wp\/v2\/types\/page"}],"author":[{"embeddable":true,"href":"https:\/\/coatsigy.com\/en\/wp-json\/wp\/v2\/users\/1"}],"replies":[{"embeddable":true,"href":"https:\/\/coatsigy.com\/en\/wp-json\/wp\/v2\/comments?post=596"}],"version-history":[{"count":9,"href":"https:\/\/coatsigy.com\/en\/wp-json\/wp\/v2\/pages\/596\/revisions"}],"predecessor-version":[{"id":4194,"href":"https:\/\/coatsigy.com\/en\/wp-json\/wp\/v2\/pages\/596\/revisions\/4194"}],"wp:attachment":[{"href":"https:\/\/coatsigy.com\/en\/wp-json\/wp\/v2\/media?parent=596"}],"curies":[{"name":"wp","href":"https:\/\/api.w.org\/{rel}","templated":true}]}}