{"id":592,"date":"2018-02-06T18:02:42","date_gmt":"2018-02-06T17:02:42","guid":{"rendered":"http:\/\/coatsigy.eliott-markus.digital\/droit-penal-des-affaires\/"},"modified":"2024-05-23T12:16:42","modified_gmt":"2024-05-23T10:16:42","slug":"white-collar-crime","status":"publish","type":"page","link":"https:\/\/coatsigy.com\/en\/white-collar-crime\/","title":{"rendered":"White-Collar Crime"},"content":{"rendered":"<p>At Coat Haut de Sigy de Roux, we represent our clients every day, as defendants or plaintiffs, for all offenses related to the world of business. We focus on banking, financial and stock market offenses, labor law infractions, tax and customs offenses, economic and environmental infractions, and common law business offenses.<\/p>\n<p>Our firm advises and assists clients in all stages of criminal proceedings.<\/p>\n","protected":false},"excerpt":{"rendered":"<p>At Coat Haut de Sigy de Roux, we represent our clients every day, as defendants or plaintiffs, for all offenses related to the world of business. We focus on banking, financial and stock market offenses, labor law infractions, tax and customs offenses, economic and environmental infractions, and common law business offenses. Our firm advises and [&hellip;]<\/p>\n","protected":false},"author":1,"featured_media":0,"parent":0,"menu_order":0,"comment_status":"closed","ping_status":"closed","template":"pages\/droit-penal.php","meta":{"_acf_changed":false,"_monsterinsights_skip_tracking":false,"_monsterinsights_sitenote_active":false,"_monsterinsights_sitenote_note":"","_monsterinsights_sitenote_category":0,"footnotes":""},"class_list":["post-592","page","type-page","status-publish","hentry"],"acf":[],"yoast_head":"<!-- This site is optimized with the Yoast SEO plugin v27.1.1 - https:\/\/yoast.com\/product\/yoast-seo-wordpress\/ -->\n<title>White-collar crime - Coat Haut de Sigy Avocats law firm<\/title>\n<meta name=\"description\" content=\"At Coat Haut de Sigy, we represent our clients every day, as defendants or plaintiffs, for all offenses related to the world of business. We focus on banking, financial and stock market offenses, labor law infractions, tax and customs offenses, economic and environmental infractions, and common law business offenses.\" \/>\n<meta name=\"robots\" content=\"index, follow, max-snippet:-1, max-image-preview:large, max-video-preview:-1\" \/>\n<link rel=\"canonical\" href=\"https:\/\/coatsigy.com\/en\/white-collar-crime\/\" \/>\n<meta property=\"og:locale\" content=\"en_US\" \/>\n<meta property=\"og:type\" content=\"article\" \/>\n<meta property=\"og:title\" content=\"White-collar crime - Coat Haut de Sigy Avocats law firm\" \/>\n<meta property=\"og:description\" content=\"At Coat Haut de Sigy, we represent our clients every day, as defendants or plaintiffs, for all offenses related to the world of business. We focus on banking, financial and stock market offenses, labor law infractions, tax and customs offenses, economic and environmental infractions, and common law business offenses.\" \/>\n<meta property=\"og:url\" content=\"https:\/\/coatsigy.com\/en\/white-collar-crime\/\" \/>\n<meta property=\"og:site_name\" content=\"Coat Haut de Sigy de Roux\" \/>\n<meta property=\"article:modified_time\" content=\"2024-05-23T10:16:42+00:00\" \/>\n<meta name=\"twitter:card\" content=\"summary_large_image\" \/>\n<meta name=\"twitter:label1\" content=\"Est. reading time\" \/>\n\t<meta name=\"twitter:data1\" content=\"1 minute\" \/>\n<script type=\"application\/ld+json\" class=\"yoast-schema-graph\">{\"@context\":\"https:\/\/schema.org\",\"@graph\":[{\"@type\":\"WebPage\",\"@id\":\"https:\/\/coatsigy.com\/en\/white-collar-crime\/\",\"url\":\"https:\/\/coatsigy.com\/en\/white-collar-crime\/\",\"name\":\"White-collar crime - Coat Haut de Sigy Avocats law firm\",\"isPartOf\":{\"@id\":\"https:\/\/coatsigy.com\/#website\"},\"datePublished\":\"2018-02-06T17:02:42+00:00\",\"dateModified\":\"2024-05-23T10:16:42+00:00\",\"description\":\"At Coat Haut de Sigy, we represent our clients every day, as defendants or plaintiffs, for all offenses related to the world of business. We focus on banking, financial and stock market offenses, labor law infractions, tax and customs offenses, economic and environmental infractions, and common law business offenses.\",\"breadcrumb\":{\"@id\":\"https:\/\/coatsigy.com\/en\/white-collar-crime\/#breadcrumb\"},\"inLanguage\":\"en-US\",\"potentialAction\":[{\"@type\":\"ReadAction\",\"target\":[\"https:\/\/coatsigy.com\/en\/white-collar-crime\/\"]}]},{\"@type\":\"BreadcrumbList\",\"@id\":\"https:\/\/coatsigy.com\/en\/white-collar-crime\/#breadcrumb\",\"itemListElement\":[{\"@type\":\"ListItem\",\"position\":1,\"name\":\"Accueil\",\"item\":\"https:\/\/coatsigy.com\/en\/\"},{\"@type\":\"ListItem\",\"position\":2,\"name\":\"White-Collar Crime\"}]},{\"@type\":\"WebSite\",\"@id\":\"https:\/\/coatsigy.com\/#website\",\"url\":\"https:\/\/coatsigy.com\/\",\"name\":\"Coat Haut de Sigy de Roux\",\"description\":\"Cabinet d\u2019avocats fran\u00e7ais ind\u00e9pendant, Coat Haut de Sigy de Roux intervient en Droit p\u00e9nal des affaires, Droit de la presse et des m\u00e9dias, Contentieux r\u00e9glementaire, Conformit\u00e9, Contentieux civil et commercial, Enqu\u00eates internes pour des structures nationales et internationales.\",\"potentialAction\":[{\"@type\":\"SearchAction\",\"target\":{\"@type\":\"EntryPoint\",\"urlTemplate\":\"https:\/\/coatsigy.com\/?s={search_term_string}\"},\"query-input\":{\"@type\":\"PropertyValueSpecification\",\"valueRequired\":true,\"valueName\":\"search_term_string\"}}],\"inLanguage\":\"en-US\"}]}<\/script>\n<!-- \/ Yoast SEO plugin. -->","yoast_head_json":{"title":"White-collar crime - Coat Haut de Sigy Avocats law firm","description":"At Coat Haut de Sigy, we represent our clients every day, as defendants or plaintiffs, for all offenses related to the world of business. We focus on banking, financial and stock market offenses, labor law infractions, tax and customs offenses, economic and environmental infractions, and common law business offenses.","robots":{"index":"index","follow":"follow","max-snippet":"max-snippet:-1","max-image-preview":"max-image-preview:large","max-video-preview":"max-video-preview:-1"},"canonical":"https:\/\/coatsigy.com\/en\/white-collar-crime\/","og_locale":"en_US","og_type":"article","og_title":"White-collar crime - Coat Haut de Sigy Avocats law firm","og_description":"At Coat Haut de Sigy, we represent our clients every day, as defendants or plaintiffs, for all offenses related to the world of business. We focus on banking, financial and stock market offenses, labor law infractions, tax and customs offenses, economic and environmental infractions, and common law business offenses.","og_url":"https:\/\/coatsigy.com\/en\/white-collar-crime\/","og_site_name":"Coat Haut de Sigy de Roux","article_modified_time":"2024-05-23T10:16:42+00:00","twitter_card":"summary_large_image","twitter_misc":{"Est. reading time":"1 minute"},"schema":{"@context":"https:\/\/schema.org","@graph":[{"@type":"WebPage","@id":"https:\/\/coatsigy.com\/en\/white-collar-crime\/","url":"https:\/\/coatsigy.com\/en\/white-collar-crime\/","name":"White-collar crime - Coat Haut de Sigy Avocats law firm","isPartOf":{"@id":"https:\/\/coatsigy.com\/#website"},"datePublished":"2018-02-06T17:02:42+00:00","dateModified":"2024-05-23T10:16:42+00:00","description":"At Coat Haut de Sigy, we represent our clients every day, as defendants or plaintiffs, for all offenses related to the world of business. We focus on banking, financial and stock market offenses, labor law infractions, tax and customs offenses, economic and environmental infractions, and common law business offenses.","breadcrumb":{"@id":"https:\/\/coatsigy.com\/en\/white-collar-crime\/#breadcrumb"},"inLanguage":"en-US","potentialAction":[{"@type":"ReadAction","target":["https:\/\/coatsigy.com\/en\/white-collar-crime\/"]}]},{"@type":"BreadcrumbList","@id":"https:\/\/coatsigy.com\/en\/white-collar-crime\/#breadcrumb","itemListElement":[{"@type":"ListItem","position":1,"name":"Accueil","item":"https:\/\/coatsigy.com\/en\/"},{"@type":"ListItem","position":2,"name":"White-Collar Crime"}]},{"@type":"WebSite","@id":"https:\/\/coatsigy.com\/#website","url":"https:\/\/coatsigy.com\/","name":"Coat Haut de Sigy de Roux","description":"Cabinet d\u2019avocats fran\u00e7ais ind\u00e9pendant, Coat Haut de Sigy de Roux intervient en Droit p\u00e9nal des affaires, Droit de la presse et des m\u00e9dias, Contentieux r\u00e9glementaire, Conformit\u00e9, Contentieux civil et commercial, Enqu\u00eates internes pour des structures nationales et internationales.","potentialAction":[{"@type":"SearchAction","target":{"@type":"EntryPoint","urlTemplate":"https:\/\/coatsigy.com\/?s={search_term_string}"},"query-input":{"@type":"PropertyValueSpecification","valueRequired":true,"valueName":"search_term_string"}}],"inLanguage":"en-US"}]}},"_links":{"self":[{"href":"https:\/\/coatsigy.com\/en\/wp-json\/wp\/v2\/pages\/592","targetHints":{"allow":["GET"]}}],"collection":[{"href":"https:\/\/coatsigy.com\/en\/wp-json\/wp\/v2\/pages"}],"about":[{"href":"https:\/\/coatsigy.com\/en\/wp-json\/wp\/v2\/types\/page"}],"author":[{"embeddable":true,"href":"https:\/\/coatsigy.com\/en\/wp-json\/wp\/v2\/users\/1"}],"replies":[{"embeddable":true,"href":"https:\/\/coatsigy.com\/en\/wp-json\/wp\/v2\/comments?post=592"}],"version-history":[{"count":4,"href":"https:\/\/coatsigy.com\/en\/wp-json\/wp\/v2\/pages\/592\/revisions"}],"predecessor-version":[{"id":4168,"href":"https:\/\/coatsigy.com\/en\/wp-json\/wp\/v2\/pages\/592\/revisions\/4168"}],"wp:attachment":[{"href":"https:\/\/coatsigy.com\/en\/wp-json\/wp\/v2\/media?parent=592"}],"curies":[{"name":"wp","href":"https:\/\/api.w.org\/{rel}","templated":true}]}}